{"id":90,"date":"2024-04-06T00:13:02","date_gmt":"2024-04-05T22:13:02","guid":{"rendered":"https:\/\/lazylegs.pl\/?page_id=90"},"modified":"2024-04-09T00:30:28","modified_gmt":"2024-04-08T22:30:28","slug":"home","status":"publish","type":"page","link":"https:\/\/lazylegs.pl\/","title":{"rendered":"Home"},"content":{"rendered":"\t\t<div data-elementor-type=\"wp-page\" data-elementor-id=\"90\" class=\"elementor elementor-90\" data-elementor-post-type=\"page\">\n\t\t\t\t<div class=\"elementor-element elementor-element-6747eae7 e-flex e-con-boxed e-con e-parent\" data-id=\"6747eae7\" data-element_type=\"container\" data-core-v316-plus=\"true\">\n\t\t\t\t\t<div class=\"e-con-inner\">\n\t\t<div class=\"elementor-element elementor-element-47c610f9 e-con-full e-flex e-con e-child\" data-id=\"47c610f9\" data-element_type=\"container\">\n\t\t\t\t<div class=\"elementor-element elementor-element-b6ebc1e elementor-widget elementor-widget-image\" data-id=\"b6ebc1e\" data-element_type=\"widget\" data-widget_type=\"image.default\">\n\t\t\t\t<div class=\"elementor-widget-container\">\n\t\t\t<style>\/*! elementor - v3.20.0 - 26-03-2024 *\/\n.elementor-widget-image{text-align:center}.elementor-widget-image a{display:inline-block}.elementor-widget-image a img[src$=\".svg\"]{width:48px}.elementor-widget-image img{vertical-align:middle;display:inline-block}<\/style>\t\t\t\t\t\t\t\t\t\t<img decoding=\"async\" width=\"150\" height=\"150\" src=\"https:\/\/lazylegs.pl\/wp-content\/uploads\/2024\/04\/lazylegs-logo-pink-150x150.png\" class=\"attachment-thumbnail size-thumbnail wp-image-167\" alt=\"\" srcset=\"https:\/\/lazylegs.pl\/wp-content\/uploads\/2024\/04\/lazylegs-logo-pink-150x150.png 150w, https:\/\/lazylegs.pl\/wp-content\/uploads\/2024\/04\/lazylegs-logo-pink-300x300.png 300w, https:\/\/lazylegs.pl\/wp-content\/uploads\/2024\/04\/lazylegs-logo-pink-1024x1024.png 1024w, https:\/\/lazylegs.pl\/wp-content\/uploads\/2024\/04\/lazylegs-logo-pink-768x768.png 768w, https:\/\/lazylegs.pl\/wp-content\/uploads\/2024\/04\/lazylegs-logo-pink.png 1080w\" sizes=\"(max-width: 150px) 100vw, 150px\" \/>\t\t\t\t\t\t\t\t\t\t\t\t\t<\/div>\n\t\t\t\t<\/div>\n\t\t\t\t<div class=\"elementor-element elementor-element-239fdee4 elementor-widget__width-initial elementor-invisible elementor-widget elementor-widget-heading\" data-id=\"239fdee4\" data-element_type=\"widget\" data-settings=\"{&quot;_animation&quot;:&quot;fadeIn&quot;,&quot;_animation_delay&quot;:600}\" data-widget_type=\"heading.default\">\n\t\t\t\t<div class=\"elementor-widget-container\">\n\t\t\t<style>\/*! elementor - v3.20.0 - 26-03-2024 *\/\n.elementor-heading-title{padding:0;margin:0;line-height:1}.elementor-widget-heading .elementor-heading-title[class*=elementor-size-]>a{color:inherit;font-size:inherit;line-height:inherit}.elementor-widget-heading .elementor-heading-title.elementor-size-small{font-size:15px}.elementor-widget-heading .elementor-heading-title.elementor-size-medium{font-size:19px}.elementor-widget-heading .elementor-heading-title.elementor-size-large{font-size:29px}.elementor-widget-heading .elementor-heading-title.elementor-size-xl{font-size:39px}.elementor-widget-heading .elementor-heading-title.elementor-size-xxl{font-size:59px}<\/style><h1 class=\"elementor-heading-title elementor-size-default\">smaczna Kawa <br>to nic trudnego,<br>\nzmiel, zalej, wypij<br>czego chcesz wi\u0119cej?!<\/h1>\t\t<\/div>\n\t\t\t\t<\/div>\n\t\t\t\t<div class=\"elementor-element elementor-element-498f6326 elementor-widget elementor-widget-text-editor\" data-id=\"498f6326\" data-element_type=\"widget\" data-widget_type=\"text-editor.default\">\n\t\t\t\t<div class=\"elementor-widget-container\">\n\t\t\t<style>\/*! elementor - v3.20.0 - 26-03-2024 *\/\n.elementor-widget-text-editor.elementor-drop-cap-view-stacked .elementor-drop-cap{background-color:#69727d;color:#fff}.elementor-widget-text-editor.elementor-drop-cap-view-framed .elementor-drop-cap{color:#69727d;border:3px solid;background-color:transparent}.elementor-widget-text-editor:not(.elementor-drop-cap-view-default) .elementor-drop-cap{margin-top:8px}.elementor-widget-text-editor:not(.elementor-drop-cap-view-default) .elementor-drop-cap-letter{width:1em;height:1em}.elementor-widget-text-editor .elementor-drop-cap{float:left;text-align:center;line-height:1;font-size:50px}.elementor-widget-text-editor .elementor-drop-cap-letter{display:inline-block}<\/style>\t\t\t\t<p>Kawy Lazy Legs, to kawy, kt\u00f3re b\u0119d\u0105 smaczne bez wzgl\u0119du na to czy b\u0119dziesz bardzo precyzyjnym, czy nie. Powsta\u0142y po to, by cieszy\u0107 i dawa\u0107 frajd\u0119 ka\u017cdemu, kto po nie si\u0119gnie. Lazy Legs, lazy coffee, easy coffee.<\/p>\t\t\t\t\t\t<\/div>\n\t\t\t\t<\/div>\n\t\t\t\t<\/div>\n\t\t\t\t\t<\/div>\n\t\t\t\t<\/div>\n\t\t<div class=\"elementor-element elementor-element-e982a20 e-flex e-con-boxed e-con e-parent\" data-id=\"e982a20\" data-element_type=\"container\" data-core-v316-plus=\"true\">\n\t\t\t\t\t<div class=\"e-con-inner\">\n\t\t\t\t<div class=\"elementor-element elementor-element-9ced2b1 elementor-headline--style-highlight elementor-widget elementor-widget-animated-headline\" data-id=\"9ced2b1\" data-element_type=\"widget\" data-settings=\"{&quot;marker&quot;:&quot;curly&quot;,&quot;highlighted_text&quot;:&quot;Kawy&quot;,&quot;headline_style&quot;:&quot;highlight&quot;,&quot;loop&quot;:&quot;yes&quot;,&quot;highlight_animation_duration&quot;:1200,&quot;highlight_iteration_delay&quot;:8000}\" data-widget_type=\"animated-headline.default\">\n\t\t\t\t<div class=\"elementor-widget-container\">\n\t\t\t<link rel=\"stylesheet\" href=\"https:\/\/lazylegs.pl\/wp-content\/plugins\/elementor-pro\/assets\/css\/widget-animated-headline.min.css\">\t\t\t<a href=\"https:\/\/www.coffeedesk.pl\/nasze-marki\/lazy-legs\/\">\n\n\t\t\t\t\t<h3 class=\"elementor-headline\">\n\t\t\t\t\t<span class=\"elementor-headline-plain-text elementor-headline-text-wrapper\">Sprawd\u017acie Nasze<\/span>\n\t\t\t\t<span class=\"elementor-headline-dynamic-wrapper elementor-headline-text-wrapper\">\n\t\t\t\t\t<span class=\"elementor-headline-dynamic-text elementor-headline-text-active\">Kawy<\/span>\n\t\t\t\t<\/span>\n\t\t\t\t<\/h3>\n\t\t<\/a>\t\t<\/div>\n\t\t\t\t<\/div>\n\t\t\t\t\t<\/div>\n\t\t\t\t<\/div>\n\t\t<div class=\"elementor-element elementor-element-34d2f725 e-flex e-con-boxed e-con e-parent\" data-id=\"34d2f725\" data-element_type=\"container\" data-core-v316-plus=\"true\">\n\t\t\t\t\t<div class=\"e-con-inner\">\n\t\t<div class=\"elementor-element elementor-element-17138a5b animated-fast e-con-full e-flex elementor-invisible e-con e-child\" data-id=\"17138a5b\" data-element_type=\"container\" data-settings=\"{&quot;animation&quot;:&quot;fadeInUp&quot;}\">\n\t\t\t\t<div class=\"elementor-element elementor-element-4aeb3227 elementor-widget elementor-widget-image\" data-id=\"4aeb3227\" data-element_type=\"widget\" data-widget_type=\"image.default\">\n\t\t\t\t<div class=\"elementor-widget-container\">\n\t\t\t\t\t\t\t\t\t\t\t\t\t<img fetchpriority=\"high\" decoding=\"async\" width=\"800\" height=\"800\" src=\"https:\/\/lazylegs.pl\/wp-content\/uploads\/2024\/04\/funky-fruits-1024x1024.png\" class=\"elementor-animation-float attachment-large size-large wp-image-149\" alt=\"\" srcset=\"https:\/\/lazylegs.pl\/wp-content\/uploads\/2024\/04\/funky-fruits-1024x1024.png 1024w, https:\/\/lazylegs.pl\/wp-content\/uploads\/2024\/04\/funky-fruits-300x300.png 300w, https:\/\/lazylegs.pl\/wp-content\/uploads\/2024\/04\/funky-fruits-150x150.png 150w, https:\/\/lazylegs.pl\/wp-content\/uploads\/2024\/04\/funky-fruits-768x768.png 768w, https:\/\/lazylegs.pl\/wp-content\/uploads\/2024\/04\/funky-fruits-1536x1536.png 1536w, https:\/\/lazylegs.pl\/wp-content\/uploads\/2024\/04\/funky-fruits-2048x2048.png 2048w\" sizes=\"(max-width: 800px) 100vw, 800px\" \/>\t\t\t\t\t\t\t\t\t\t\t\t\t<\/div>\n\t\t\t\t<\/div>\n\t\t\t\t<div class=\"elementor-element elementor-element-587d13fe elementor-widget elementor-widget-icon-box\" data-id=\"587d13fe\" data-element_type=\"widget\" data-widget_type=\"icon-box.default\">\n\t\t\t\t<div class=\"elementor-widget-container\">\n\t\t\t<link rel=\"stylesheet\" href=\"https:\/\/lazylegs.pl\/wp-content\/plugins\/elementor\/assets\/css\/widget-icon-box.min.css\">\t\t<div class=\"elementor-icon-box-wrapper\">\n\t\t\t\t\t\t<div class=\"elementor-icon-box-content\">\n\t\t\t\t<h3 class=\"elementor-icon-box-title\">\n\t\t\t\t\t<span  >\n\t\t\t\t\t\tFunky Fruits\t\t\t\t\t<\/span>\n\t\t\t\t<\/h3>\n\t\t\t\t\t\t\t\t\t<p class=\"elementor-icon-box-description\">\n\t\t\t\t\t\tBlend ziaren, idealny do szybkiego przelewu. Blend kawy z Kenii oraz Etiopii. \t\t\t\t\t<\/p>\n\t\t\t\t\t\t\t<\/div>\n\t\t<\/div>\n\t\t\t\t<\/div>\n\t\t\t\t<\/div>\n\t\t\t\t<div class=\"elementor-element elementor-element-6f37a1c elementor-widget elementor-widget-spacer\" data-id=\"6f37a1c\" data-element_type=\"widget\" data-widget_type=\"spacer.default\">\n\t\t\t\t<div class=\"elementor-widget-container\">\n\t\t\t<style>\/*! elementor - v3.20.0 - 26-03-2024 *\/\n.elementor-column .elementor-spacer-inner{height:var(--spacer-size)}.e-con{--container-widget-width:100%}.e-con-inner>.elementor-widget-spacer,.e-con>.elementor-widget-spacer{width:var(--container-widget-width,var(--spacer-size));--align-self:var(--container-widget-align-self,initial);--flex-shrink:0}.e-con-inner>.elementor-widget-spacer>.elementor-widget-container,.e-con>.elementor-widget-spacer>.elementor-widget-container{height:100%;width:100%}.e-con-inner>.elementor-widget-spacer>.elementor-widget-container>.elementor-spacer,.e-con>.elementor-widget-spacer>.elementor-widget-container>.elementor-spacer{height:100%}.e-con-inner>.elementor-widget-spacer>.elementor-widget-container>.elementor-spacer>.elementor-spacer-inner,.e-con>.elementor-widget-spacer>.elementor-widget-container>.elementor-spacer>.elementor-spacer-inner{height:var(--container-widget-height,var(--spacer-size))}.e-con-inner>.elementor-widget-spacer.elementor-widget-empty,.e-con>.elementor-widget-spacer.elementor-widget-empty{position:relative;min-height:22px;min-width:22px}.e-con-inner>.elementor-widget-spacer.elementor-widget-empty .elementor-widget-empty-icon,.e-con>.elementor-widget-spacer.elementor-widget-empty .elementor-widget-empty-icon{position:absolute;top:0;bottom:0;left:0;right:0;margin:auto;padding:0;width:22px;height:22px}<\/style>\t\t<div class=\"elementor-spacer\">\n\t\t\t<div class=\"elementor-spacer-inner\"><\/div>\n\t\t<\/div>\n\t\t\t\t<\/div>\n\t\t\t\t<\/div>\n\t\t\t\t<div class=\"elementor-element elementor-element-8232c27 elementor-widget elementor-widget-button\" data-id=\"8232c27\" data-element_type=\"widget\" data-widget_type=\"button.default\">\n\t\t\t\t<div class=\"elementor-widget-container\">\n\t\t\t\t\t<div class=\"elementor-button-wrapper\">\n\t\t\t<a class=\"elementor-button elementor-button-link elementor-size-sm\" href=\"https:\/\/www.coffeedesk.pl\/product\/26605\/Lazy-Legs-Funky-Fruits-Filter-Blend-250G\">\n\t\t\t\t\t\t<span class=\"elementor-button-content-wrapper\">\n\t\t\t\t\t\t<span class=\"elementor-button-text\">Kup teraz<\/span>\n\t\t<\/span>\n\t\t\t\t\t<\/a>\n\t\t<\/div>\n\t\t\t\t<\/div>\n\t\t\t\t<\/div>\n\t\t\t\t<\/div>\n\t\t<div class=\"elementor-element elementor-element-2c8c9d29 e-con-full e-flex elementor-invisible e-con e-child\" data-id=\"2c8c9d29\" data-element_type=\"container\" data-settings=\"{&quot;animation&quot;:&quot;fadeInUp&quot;,&quot;animation_delay&quot;:200}\">\n\t\t\t\t<div class=\"elementor-element elementor-element-700f0d30 elementor-widget elementor-widget-image\" data-id=\"700f0d30\" data-element_type=\"widget\" data-widget_type=\"image.default\">\n\t\t\t\t<div class=\"elementor-widget-container\">\n\t\t\t\t\t\t\t\t\t\t\t\t\t<img decoding=\"async\" width=\"800\" height=\"800\" src=\"https:\/\/lazylegs.pl\/wp-content\/uploads\/2024\/04\/kenia-1024x1024.png\" class=\"elementor-animation-float attachment-large size-large wp-image-150\" alt=\"\" srcset=\"https:\/\/lazylegs.pl\/wp-content\/uploads\/2024\/04\/kenia-1024x1024.png 1024w, https:\/\/lazylegs.pl\/wp-content\/uploads\/2024\/04\/kenia-300x300.png 300w, https:\/\/lazylegs.pl\/wp-content\/uploads\/2024\/04\/kenia-150x150.png 150w, https:\/\/lazylegs.pl\/wp-content\/uploads\/2024\/04\/kenia-768x768.png 768w, https:\/\/lazylegs.pl\/wp-content\/uploads\/2024\/04\/kenia-1536x1536.png 1536w, https:\/\/lazylegs.pl\/wp-content\/uploads\/2024\/04\/kenia-2048x2048.png 2048w\" sizes=\"(max-width: 800px) 100vw, 800px\" \/>\t\t\t\t\t\t\t\t\t\t\t\t\t<\/div>\n\t\t\t\t<\/div>\n\t\t\t\t<div class=\"elementor-element elementor-element-5b622835 elementor-widget elementor-widget-icon-box\" data-id=\"5b622835\" data-element_type=\"widget\" data-widget_type=\"icon-box.default\">\n\t\t\t\t<div class=\"elementor-widget-container\">\n\t\t\t\t\t<div class=\"elementor-icon-box-wrapper\">\n\t\t\t\t\t\t<div class=\"elementor-icon-box-content\">\n\t\t\t\t<h3 class=\"elementor-icon-box-title\">\n\t\t\t\t\t<span  >\n\t\t\t\t\t\tKenia Nyeri\t\t\t\t\t<\/span>\n\t\t\t\t<\/h3>\n\t\t\t\t\t\t\t\t\t<p class=\"elementor-icon-box-description\">\n\t\t\t\t\t\tZiarna pochodz\u0105ce z Kenii, jasno palone przeznaczone do metod alternatywnych.\t\t\t\t\t<\/p>\n\t\t\t\t\t\t\t<\/div>\n\t\t<\/div>\n\t\t\t\t<\/div>\n\t\t\t\t<\/div>\n\t\t\t\t<div class=\"elementor-element elementor-element-f5870fa elementor-widget elementor-widget-spacer\" data-id=\"f5870fa\" data-element_type=\"widget\" data-widget_type=\"spacer.default\">\n\t\t\t\t<div class=\"elementor-widget-container\">\n\t\t\t\t\t<div class=\"elementor-spacer\">\n\t\t\t<div class=\"elementor-spacer-inner\"><\/div>\n\t\t<\/div>\n\t\t\t\t<\/div>\n\t\t\t\t<\/div>\n\t\t\t\t<div class=\"elementor-element elementor-element-4c90e86 elementor-widget elementor-widget-button\" data-id=\"4c90e86\" data-element_type=\"widget\" data-widget_type=\"button.default\">\n\t\t\t\t<div class=\"elementor-widget-container\">\n\t\t\t\t\t<div class=\"elementor-button-wrapper\">\n\t\t\t<a class=\"elementor-button elementor-button-link elementor-size-sm\" href=\"https:\/\/www.coffeedesk.pl\/product\/29124\/Lazy-Legs-Kenia-Nyeri-Washed-Filter-250G\">\n\t\t\t\t\t\t<span class=\"elementor-button-content-wrapper\">\n\t\t\t\t\t\t<span class=\"elementor-button-text\">Kup teraz<\/span>\n\t\t<\/span>\n\t\t\t\t\t<\/a>\n\t\t<\/div>\n\t\t\t\t<\/div>\n\t\t\t\t<\/div>\n\t\t\t\t<\/div>\n\t\t<div class=\"elementor-element elementor-element-17c3874b e-con-full e-flex elementor-invisible e-con e-child\" data-id=\"17c3874b\" data-element_type=\"container\" data-settings=\"{&quot;animation&quot;:&quot;fadeInUp&quot;,&quot;animation_delay&quot;:400}\">\n\t\t\t\t<div class=\"elementor-element elementor-element-1ed20415 elementor-widget elementor-widget-image\" data-id=\"1ed20415\" data-element_type=\"widget\" data-widget_type=\"image.default\">\n\t\t\t\t<div class=\"elementor-widget-container\">\n\t\t\t\t\t\t\t\t\t\t\t\t\t<img loading=\"lazy\" decoding=\"async\" width=\"800\" height=\"800\" src=\"https:\/\/lazylegs.pl\/wp-content\/uploads\/2024\/04\/daily-espresso-1024x1024.png\" class=\"elementor-animation-float attachment-large size-large wp-image-151\" alt=\"\" srcset=\"https:\/\/lazylegs.pl\/wp-content\/uploads\/2024\/04\/daily-espresso-1024x1024.png 1024w, https:\/\/lazylegs.pl\/wp-content\/uploads\/2024\/04\/daily-espresso-300x300.png 300w, https:\/\/lazylegs.pl\/wp-content\/uploads\/2024\/04\/daily-espresso-150x150.png 150w, https:\/\/lazylegs.pl\/wp-content\/uploads\/2024\/04\/daily-espresso-768x768.png 768w, https:\/\/lazylegs.pl\/wp-content\/uploads\/2024\/04\/daily-espresso-1536x1536.png 1536w, https:\/\/lazylegs.pl\/wp-content\/uploads\/2024\/04\/daily-espresso-2048x2048.png 2048w\" sizes=\"(max-width: 800px) 100vw, 800px\" \/>\t\t\t\t\t\t\t\t\t\t\t\t\t<\/div>\n\t\t\t\t<\/div>\n\t\t\t\t<div class=\"elementor-element elementor-element-1d62b137 elementor-widget elementor-widget-icon-box\" data-id=\"1d62b137\" data-element_type=\"widget\" data-widget_type=\"icon-box.default\">\n\t\t\t\t<div class=\"elementor-widget-container\">\n\t\t\t\t\t<div class=\"elementor-icon-box-wrapper\">\n\t\t\t\t\t\t<div class=\"elementor-icon-box-content\">\n\t\t\t\t<h3 class=\"elementor-icon-box-title\">\n\t\t\t\t\t<span  >\n\t\t\t\t\t\tDaily Espresso\t\t\t\t\t<\/span>\n\t\t\t\t<\/h3>\n\t\t\t\t\t\t\t\t\t<p class=\"elementor-icon-box-description\">\n\t\t\t\t\t\tKawa palona pod metody ci\u015bnieniowe. Doskona\u0142a do ekspresu kolbowego oraz do kawiarki. Ziarna pochodz\u0105 z Brazylii.\t\t\t\t\t<\/p>\n\t\t\t\t\t\t\t<\/div>\n\t\t<\/div>\n\t\t\t\t<\/div>\n\t\t\t\t<\/div>\n\t\t\t\t<div class=\"elementor-element elementor-element-09e9356 elementor-widget elementor-widget-spacer\" data-id=\"09e9356\" data-element_type=\"widget\" data-widget_type=\"spacer.default\">\n\t\t\t\t<div class=\"elementor-widget-container\">\n\t\t\t\t\t<div class=\"elementor-spacer\">\n\t\t\t<div class=\"elementor-spacer-inner\"><\/div>\n\t\t<\/div>\n\t\t\t\t<\/div>\n\t\t\t\t<\/div>\n\t\t\t\t<div class=\"elementor-element elementor-element-77ed889 elementor-widget elementor-widget-button\" data-id=\"77ed889\" data-element_type=\"widget\" data-widget_type=\"button.default\">\n\t\t\t\t<div class=\"elementor-widget-container\">\n\t\t\t\t\t<div class=\"elementor-button-wrapper\">\n\t\t\t<a class=\"elementor-button elementor-button-link elementor-size-sm\" href=\"https:\/\/www.coffeedesk.pl\/product\/26609\/Lazy-Legs-Daily-Espresso-250G\">\n\t\t\t\t\t\t<span class=\"elementor-button-content-wrapper\">\n\t\t\t\t\t\t<span class=\"elementor-button-text\">Kup teraz<\/span>\n\t\t<\/span>\n\t\t\t\t\t<\/a>\n\t\t<\/div>\n\t\t\t\t<\/div>\n\t\t\t\t<\/div>\n\t\t\t\t<\/div>\n\t\t<div class=\"elementor-element elementor-element-265a5b68 e-con-full e-flex elementor-invisible e-con e-child\" data-id=\"265a5b68\" data-element_type=\"container\" data-settings=\"{&quot;animation&quot;:&quot;fadeInUp&quot;,&quot;animation_delay&quot;:600}\">\n\t\t\t\t<div class=\"elementor-element elementor-element-475759ea elementor-widget elementor-widget-image\" data-id=\"475759ea\" data-element_type=\"widget\" data-widget_type=\"image.default\">\n\t\t\t\t<div class=\"elementor-widget-container\">\n\t\t\t\t\t\t\t\t\t\t\t\t\t<img loading=\"lazy\" decoding=\"async\" width=\"800\" height=\"800\" src=\"https:\/\/lazylegs.pl\/wp-content\/uploads\/2024\/04\/lazy-espresso-1024x1024.png\" class=\"elementor-animation-float attachment-large size-large wp-image-152\" alt=\"\" srcset=\"https:\/\/lazylegs.pl\/wp-content\/uploads\/2024\/04\/lazy-espresso-1024x1024.png 1024w, https:\/\/lazylegs.pl\/wp-content\/uploads\/2024\/04\/lazy-espresso-300x300.png 300w, https:\/\/lazylegs.pl\/wp-content\/uploads\/2024\/04\/lazy-espresso-150x150.png 150w, https:\/\/lazylegs.pl\/wp-content\/uploads\/2024\/04\/lazy-espresso-768x768.png 768w, https:\/\/lazylegs.pl\/wp-content\/uploads\/2024\/04\/lazy-espresso-1536x1536.png 1536w, https:\/\/lazylegs.pl\/wp-content\/uploads\/2024\/04\/lazy-espresso-2048x2048.png 2048w\" sizes=\"(max-width: 800px) 100vw, 800px\" \/>\t\t\t\t\t\t\t\t\t\t\t\t\t<\/div>\n\t\t\t\t<\/div>\n\t\t\t\t<div class=\"elementor-element elementor-element-1e8e8185 elementor-widget elementor-widget-icon-box\" data-id=\"1e8e8185\" data-element_type=\"widget\" data-widget_type=\"icon-box.default\">\n\t\t\t\t<div class=\"elementor-widget-container\">\n\t\t\t\t\t<div class=\"elementor-icon-box-wrapper\">\n\t\t\t\t\t\t<div class=\"elementor-icon-box-content\">\n\t\t\t\t<h3 class=\"elementor-icon-box-title\">\n\t\t\t\t\t<span  >\n\t\t\t\t\t\tLazy Espresso \t\t\t\t\t<\/span>\n\t\t\t\t<\/h3>\n\t\t\t\t\t\t\t\t\t<p class=\"elementor-icon-box-description\">\n\t\t\t\t\t\tBlend dw\u00f3ch ziaren, sk\u0142ada si\u0119 w 80% z ziaren arabiki i 20% robusty. Doskona\u0142a do ekspres\u00f3w automatycznych.  \t\t\t\t\t<\/p>\n\t\t\t\t\t\t\t<\/div>\n\t\t<\/div>\n\t\t\t\t<\/div>\n\t\t\t\t<\/div>\n\t\t\t\t<div class=\"elementor-element elementor-element-1188fec elementor-widget elementor-widget-spacer\" data-id=\"1188fec\" data-element_type=\"widget\" data-widget_type=\"spacer.default\">\n\t\t\t\t<div class=\"elementor-widget-container\">\n\t\t\t\t\t<div class=\"elementor-spacer\">\n\t\t\t<div class=\"elementor-spacer-inner\"><\/div>\n\t\t<\/div>\n\t\t\t\t<\/div>\n\t\t\t\t<\/div>\n\t\t\t\t<div class=\"elementor-element elementor-element-afdb626 elementor-widget elementor-widget-button\" data-id=\"afdb626\" data-element_type=\"widget\" data-widget_type=\"button.default\">\n\t\t\t\t<div class=\"elementor-widget-container\">\n\t\t\t\t\t<div class=\"elementor-button-wrapper\">\n\t\t\t<a class=\"elementor-button elementor-button-link elementor-size-sm\" href=\"https:\/\/www.coffeedesk.pl\/product\/29125\/Lazy-Legs-Lazy-Espresso-1Kg\">\n\t\t\t\t\t\t<span class=\"elementor-button-content-wrapper\">\n\t\t\t\t\t\t<span class=\"elementor-button-text\">Kup teraz<\/span>\n\t\t<\/span>\n\t\t\t\t\t<\/a>\n\t\t<\/div>\n\t\t\t\t<\/div>\n\t\t\t\t<\/div>\n\t\t\t\t<\/div>\n\t\t\t\t\t<\/div>\n\t\t\t\t<\/div>\n\t\t\t\t<\/div>\n\t\t","protected":false},"excerpt":{"rendered":"<p>smaczna Kawa to nic trudnego, zmiel, zalej, wypijczego chcesz wi\u0119cej?! Kawy Lazy Legs, to kawy, kt\u00f3re b\u0119d\u0105 smaczne bez wzgl\u0119du na to czy b\u0119dziesz bardzo precyzyjnym, czy nie. Powsta\u0142y po to, by cieszy\u0107 i dawa\u0107 frajd\u0119 ka\u017cdemu, kto po nie si\u0119gnie. Lazy Legs, lazy coffee, easy coffee. Sprawd\u017acie Nasze Kawy Funky Fruits Blend ziaren, idealny [&hellip;]<\/p>\n","protected":false},"author":1,"featured_media":0,"parent":0,"menu_order":0,"comment_status":"closed","ping_status":"closed","template":"elementor_header_footer","meta":{"footnotes":""},"class_list":["post-90","page","type-page","status-publish","hentry"],"_links":{"self":[{"href":"https:\/\/lazylegs.pl\/index.php?rest_route=\/wp\/v2\/pages\/90","targetHints":{"allow":["GET"]}}],"collection":[{"href":"https:\/\/lazylegs.pl\/index.php?rest_route=\/wp\/v2\/pages"}],"about":[{"href":"https:\/\/lazylegs.pl\/index.php?rest_route=\/wp\/v2\/types\/page"}],"author":[{"embeddable":true,"href":"https:\/\/lazylegs.pl\/index.php?rest_route=\/wp\/v2\/users\/1"}],"replies":[{"embeddable":true,"href":"https:\/\/lazylegs.pl\/index.php?rest_route=%2Fwp%2Fv2%2Fcomments&post=90"}],"version-history":[{"count":55,"href":"https:\/\/lazylegs.pl\/index.php?rest_route=\/wp\/v2\/pages\/90\/revisions"}],"predecessor-version":[{"id":229,"href":"https:\/\/lazylegs.pl\/index.php?rest_route=\/wp\/v2\/pages\/90\/revisions\/229"}],"wp:attachment":[{"href":"https:\/\/lazylegs.pl\/index.php?rest_route=%2Fwp%2Fv2%2Fmedia&parent=90"}],"curies":[{"name":"wp","href":"https:\/\/api.w.org\/{rel}","templated":true}]}}